{"id":14343,"date":"2022-11-28T10:27:24","date_gmt":"2022-11-28T10:27:24","guid":{"rendered":"https:\/\/demo.thetechstore.co.nz\/?post_type=product&#038;p=14343"},"modified":"2022-11-30T10:49:16","modified_gmt":"2022-11-30T10:49:16","slug":"2022-tws-wireless-earphone-y113-6d-sound-noise-cancelling-hifi-earphone-bluetooth-5-0-mini-earbuds-headphones-pro-touch-control","status":"publish","type":"product","link":"https:\/\/demo.thetechstore.co.nz\/index.php\/product\/2022-tws-wireless-earphone-y113-6d-sound-noise-cancelling-hifi-earphone-bluetooth-5-0-mini-earbuds-headphones-pro-touch-control\/","title":{"rendered":"2022 TWS Wireless Earphone Y113 6D Sound Noise Cancelling HIFI Earphone bluetooth 5.0 Mini Earbuds Headphones Pro Touch Control"},"content":{"rendered":"<p>2022 TWS Wireless Headphones Y113 6D Sound Noise Cancelling HIFI Headphones Bluetooth 5.0 Mini In-Ear Headphones Pro Touch PK airpod pro for xiao mi, hua wei, apple fone, for android IOS<\/p>\n<p><strong>\u00a1Marque la tienda y convi\u00e9rtase en nuestro fan para obtener m\u00e1s descuentos! ! Estilo: Auriculares<\/strong><\/p>\n<p><strong>Principio de vocalismo: Din\u00e1mico<\/strong><\/p>\n<p><strong>Origen: CN (Origen)<\/strong><\/p>\n<p><strong>Bot\u00f3n de control: S\u00ed<\/strong><\/p>\n<p><strong>Cancelaci\u00f3n activa de ruido: S\u00ed<\/strong><\/p>\n<p><strong>Comunicaci\u00f3n: Inal\u00e1mbrico<\/strong><\/p>\n<p><strong>Control de volumen: S\u00ed<\/strong><\/p>\n<p><strong>Sensibilidad: 120dB<\/strong><\/p>\n<p><strong>Tipo inal\u00e1mbrico: Bluetooth<\/strong><\/p>\n<p><strong>Es inal\u00e1mbrico: S\u00ed<\/strong><\/p>\n<p><strong>Longitud de la l\u00ednea: 0 m<\/strong><\/p>\n<p><strong>APLICACI\u00d3N de soporte: No<\/strong><\/p>\n<p><strong>Funci\u00f3n: monitor de auriculares<\/strong><\/p>\n<p><strong>Funci\u00f3n: para videojuegos<\/strong><\/p>\n<p><strong>Funci\u00f3n: auriculares comunes<\/strong><\/p>\n<p><strong>Funci\u00f3n: para tel\u00e9fono m\u00f3vil<\/strong><\/p>\n<p><strong>Funci\u00f3n: auriculares HiFi<\/strong><\/p>\n<p><strong>Funci\u00f3n: Deporte<\/strong><\/p>\n<p><strong>N\u00famero de conductores: 2<\/strong><\/p>\n<p><strong>Tipo de enchufe: NINGUNO<\/strong><\/p>\n<p><strong>Lista de paquetes: Manual de usuario<\/strong><\/p>\n<p><strong>Lista del paquete: estuche de carga<\/strong><\/p>\n<p><strong>Lista del paquete: Cable de carga<\/strong><\/p>\n<p><strong>Rango de impedancia: hasta 32<\/strong><\/p>\n<p><strong>Conectores: Rel\u00e1mpago<\/strong><\/p>\n<p><strong>N\u00famero de modelo: Y113<\/strong><\/p>\n<p><strong>Tipo de auriculares: semiabiertos<\/strong><\/p>\n<p><strong>Material de las almohadillas para auriculares: Otro<\/strong><\/p>\n<p><strong>Versi\u00f3n de Bluetooth: 5,0<\/strong><\/p>\n<p><strong>C\u00f3decs: Apt-X<\/strong><\/p>\n<p><strong>Soporte de tarjeta de memoria: No<\/strong><\/p>\n<p><strong>Di\u00e1metro del controlador: 13 mm<\/strong><\/p>\n<p><strong>Resistencia: 32\u03a9<\/strong><\/p>\n<p><strong>Impermeable: S\u00ed<\/strong><\/p>\n<p><strong>Rango de respuesta de frecuencia: 20 &#8211; 20000Hz<\/strong><\/p>\n<p><strong>Con Micr\u00f3fono : Si<\/strong><\/p>\n<p><strong>Caracter\u00edsticas: con micr\u00f3fono<\/strong><\/p>\n<p><strong>Caracter\u00edsticas: soporte de Apple Siri<\/strong><\/p>\n<p><strong>Caracter\u00edsticas: Cancelaci\u00f3n activa de ruido<\/strong><\/p>\n<p><strong>M\u00e9todo de carga: estuche de carga<\/strong><\/p>\n<p><strong>Caracter\u00edstica 1: Renombrar<\/strong><\/p>\n<p><strong>Caracter\u00edstica 2: Posicionamiento GPS<\/strong><\/p>\n<p><strong>Caracter\u00edstica 3: reducci\u00f3n de ruido<\/strong><\/p>\n<p><strong>Caracter\u00edstica 4: Bluetooth 5,0<\/strong><\/p>\n<h1>Auriculares bluetooth inal\u00e1mbricos Auriculares TWS Auriculares de audio HIFI<\/h1>\n<p align=\"start\">All Pictures was take by Real Product !!<\/p>\n<h2>Descripci\u00f3n: 1. Peso del producto: 5-6 g (auricular individual).<\/h2>\n<p>2. Tiempo de trabajo: alrededor de 3-4 horas.<\/p>\n<p>3. Tiempo de espera: 200 horas.<\/p>\n<p>4. Tiempo de carga: 1-1,5 horas.<\/p>\n<p>5. Capacidad de la bater\u00eda de un solo auricular: 30 mAh<\/p>\n<p>6. Capacidad de la caja de carga: 400 mAh<\/p>\n<p>7. Distancia inal\u00e1mbrica: 10 m<\/p>\n<p>8. Versi\u00f3n de Bluetooth: Bluetooth 5.0<\/p>\n<p>9. Rendimiento a prueba de polvo: IPX5<\/p>\n<p>10. Categor\u00eda de auriculares: verdaderos auriculares inal\u00e1mbricos<\/p>\n<p>11. Tel\u00e9fono m\u00f3vil compatible: compatible con ios, android y otros tel\u00e9fonos inteligentes<\/p>\n<p>12. Asistente de voz compatible, compatible con airpods pro, auriculares inal\u00e1mbricos, air pro, auriculares inal\u00e1mbricos tws pro<\/p>\n<h2>Lista de embalaje: 2 * mini auriculares bluetooth 1 * caja de carga 1 * cable de carga 1 * manual de usuario<\/h2>\n<div><strong>Si los auriculares se transportan durante mucho tiempo, la energ\u00eda ser\u00e1 insuficiente o no podr\u00e1n usarse normalmente. C\u00e1rguelos por completo antes de usarlos de acuerdo con las instrucciones, o comun\u00edquese con nosotros primero. No haga malas cr\u00edticas. a voluntad, gracias!<\/strong><\/div>\n<div><strong>Acerca de Dropshipping: 1. Acepte Dropshipping, y NO pondremos facturas, c\u00f3digos QR, promociones en el env\u00edo, as\u00ed que no se preocupe, solo c\u00f3mprelo, haremos todo bien por usted. 2. Garantizamos que cada dispositivo sea probado riguroso antes de enviarse, por lo que todos los productos pueden garantizar un 100% de alta calidad antes de enviarse. 3. Los precios con descuento est\u00e1n disponibles para compras al por mayor<\/strong><\/div>\n","protected":false},"excerpt":{"rendered":"<p>2022 TWS Wireless Headphones Y113 6D Sound Noise Cancelling HIFI Headphones Bluetooth 5.0 Mini In-Ear Headphones Pro Touch PK airpod pro for xiao mi, hua wei, apple fone, for android IOS \u00a1Marque la tienda y convi\u00e9rtase en nuestro fan para obtener m\u00e1s descuentos! ! Estilo: Auriculares Principio de vocalismo: Din\u00e1mico Origen: CN (Origen) Bot\u00f3n de [&hellip;]<\/p>\n","protected":false},"featured_media":14344,"comment_status":"open","ping_status":"closed","template":"","meta":[],"product_brand":[],"product_cat":[39,65],"product_tag":[],"class_list":{"0":"post-14343","1":"product","2":"type-product","3":"status-publish","4":"has-post-thumbnail","6":"product_cat-accessories","7":"product_cat-head-phones","8":"pa_color-black-pvc-bag","9":"pa_color-white-pvc-bag","11":"first","12":"instock","13":"shipping-taxable","14":"purchasable","15":"product-type-variable"},"_links":{"self":[{"href":"https:\/\/demo.thetechstore.co.nz\/index.php\/wp-json\/wp\/v2\/product\/14343","targetHints":{"allow":["GET"]}}],"collection":[{"href":"https:\/\/demo.thetechstore.co.nz\/index.php\/wp-json\/wp\/v2\/product"}],"about":[{"href":"https:\/\/demo.thetechstore.co.nz\/index.php\/wp-json\/wp\/v2\/types\/product"}],"replies":[{"embeddable":true,"href":"https:\/\/demo.thetechstore.co.nz\/index.php\/wp-json\/wp\/v2\/comments?post=14343"}],"wp:featuredmedia":[{"embeddable":true,"href":"https:\/\/demo.thetechstore.co.nz\/index.php\/wp-json\/wp\/v2\/media\/14344"}],"wp:attachment":[{"href":"https:\/\/demo.thetechstore.co.nz\/index.php\/wp-json\/wp\/v2\/media?parent=14343"}],"wp:term":[{"taxonomy":"product_brand","embeddable":true,"href":"https:\/\/demo.thetechstore.co.nz\/index.php\/wp-json\/wp\/v2\/product_brand?post=14343"},{"taxonomy":"product_cat","embeddable":true,"href":"https:\/\/demo.thetechstore.co.nz\/index.php\/wp-json\/wp\/v2\/product_cat?post=14343"},{"taxonomy":"product_tag","embeddable":true,"href":"https:\/\/demo.thetechstore.co.nz\/index.php\/wp-json\/wp\/v2\/product_tag?post=14343"}],"curies":[{"name":"wp","href":"https:\/\/api.w.org\/{rel}","templated":true}]}}